{"id":1516,"date":"2024-04-30T06:36:49","date_gmt":"2024-04-30T06:36:49","guid":{"rendered":"https:\/\/entretiengfr.com\/about-us\/"},"modified":"2025-10-02T02:41:32","modified_gmt":"2025-10-02T02:41:32","slug":"about-us","status":"publish","type":"page","link":"https:\/\/entretiengfr.com\/fr\/about-us\/","title":{"rendered":"\u00c0 propos de nous"},"content":{"rendered":"\n<div class=\"wp-block-media-text is-stacked-on-mobile is-vertically-aligned-top mob-p0\" style=\"grid-template-columns:40% auto\"><figure class=\"wp-block-media-text__media\"><img loading=\"lazy\" decoding=\"async\" width=\"800\" height=\"532\" src=\"https:\/\/entretiengfr.com\/wp-content\/uploads\/2024\/06\/Our-Team.jpg\" alt=\"\" class=\"wp-image-279 size-full\" srcset=\"https:\/\/entretiengfr.com\/wp-content\/uploads\/2024\/06\/Our-Team.jpg 800w, https:\/\/entretiengfr.com\/wp-content\/uploads\/2024\/06\/Our-Team-300x200.jpg 300w, https:\/\/entretiengfr.com\/wp-content\/uploads\/2024\/06\/Our-Team-768x511.jpg 768w, https:\/\/entretiengfr.com\/wp-content\/uploads\/2024\/06\/Our-Team-600x400.jpg 600w\" sizes=\"auto, (max-width: 800px) 100vw, 800px\" \/><\/figure><div class=\"wp-block-media-text__content\">\n<h2 class=\"wp-block-heading\">Notre \u00e9quipe<\/h2>\n\n\n\n<p>Bienvenue chez Entretien GFR, o\u00f9 nous mettons \u00e0 votre disposition plus de 8 ans d&rsquo;exp\u00e9rience dans la prestation de services de nettoyage et d&rsquo;entretien de premier ordre. Fond\u00e9s sur les principes de fiabilit\u00e9, d&rsquo;excellence et de satisfaction client, nous avons b\u00e2ti notre r\u00e9putation en offrant des r\u00e9sultats de haute qualit\u00e9 dans toute une gamme de services.<\/p>\n\n\n\n<p>Du nettoyage professionnel des fen\u00eatres au nettoyage m\u00e9ticuleux des pav\u00e9s, en passant par l\u2019entretien minutieux des goutti\u00e8res et le lavage sous pression, notre \u00e9quipe qualifi\u00e9e s\u2019engage \u00e0 am\u00e9liorer l\u2019apparence de votre propri\u00e9t\u00e9 pour la rendre plus belle et plus fonctionnelle. Notre expertise s\u2019\u00e9tend aux propri\u00e9t\u00e9s r\u00e9sidentielles et commerciales, et garantit que chaque projet est r\u00e9alis\u00e9 avec le plus grand soin et la plus grande attention aux d\u00e9tails.<\/p>\n\n\n\n<p>Chez Entretien GFR, nous comprenons que les besoins de chaque client sont uniques. C\u2019est pourquoi nous adaptons nos services \u00e0 vos exigences sp\u00e9cifiques, en utilisant les \u00e9quipements les plus r\u00e9cents et des solutions respectueuses de l\u2019environnement pour obtenir des r\u00e9sultats exceptionnels. Nos nombreuses ann\u00e9es d\u2019exp\u00e9rience dans le secteur nous permettent de relever tous les d\u00e9fis avec confiance et ma\u00eetrise.<\/p>\n\n\n\n<p>Rejoignez de nombreux clients satisfaits qui ont fait confiance \u00e0 Entretien GFR pour maintenir en parfait \u00e9tat leurs propri\u00e9t\u00e9s. Laissez-nous vous montrer la diff\u00e9rence que peuvent faire huit ann\u00e9es d\u2019exp\u00e9rience et une passion pour l\u2019excellence.<\/p>\n<\/div><\/div>\n\n\n\n<h2 class=\"wp-block-heading section-title\"><strong>Notre avantage unique<\/strong><\/h2>\n\n\n\n<div class=\"wp-block-columns mb-40 unique-sec-wrap is-layout-flex wp-container-core-columns-is-layout-9d6595d7 wp-block-columns-is-layout-flex\">\n<div class=\"wp-block-column is-layout-flow wp-block-column-is-layout-flow\">\n<div class=\"wp-block-media-text is-stacked-on-mobile is-vertically-aligned-top\" style=\"grid-template-columns:25% auto\"><figure class=\"wp-block-media-text__media\"><img loading=\"lazy\" decoding=\"async\" width=\"150\" height=\"150\" src=\"https:\/\/entretiengfr.com\/wp-content\/uploads\/2024\/06\/Satisfaction-Guaranteed-Icon.png\" alt=\"\" class=\"wp-image-304 size-full\"\/><\/figure><div class=\"wp-block-media-text__content\">\n<h4 class=\"wp-block-heading\">Satisfaction garantie<\/h4>\n\n\n\n<p>Chez Entretien GFR, nous nous engageons \u00e0 assurer votre enti\u00e8re satisfaction pour chaque service que nous fournissons. Si vous n\u2019\u00eates pas satisfait des r\u00e9sultats, nous nous engageons \u00e0 corriger la situation \u2014 c\u2019est notre garantie.<\/p>\n<\/div><\/div>\n<\/div>\n\n\n\n<div class=\"wp-block-column is-layout-flow wp-block-column-is-layout-flow\">\n<div class=\"wp-block-media-text is-stacked-on-mobile is-vertically-aligned-top\" style=\"grid-template-columns:25% auto\"><figure class=\"wp-block-media-text__media\"><img loading=\"lazy\" decoding=\"async\" width=\"150\" height=\"150\" src=\"https:\/\/entretiengfr.com\/wp-content\/uploads\/2024\/06\/Accommodating-Schedules-Icon.png\" alt=\"\" class=\"wp-image-305 size-full\"\/><\/figure><div class=\"wp-block-media-text__content\">\n<h4 class=\"wp-block-heading\">Horaires adapt\u00e9s<\/h4>\n\n\n\n<p>Nous comprenons que votre temps est pr\u00e9cieux, c\u2019est pourquoi nous proposons des horaires adapt\u00e9s. Que vous ayez besoin de services t\u00f4t le matin, le soir ou la fin de semaine, vous pouvez choisir parmi nos diff\u00e9rentes options d\u2019horaires flexibles. Nos services de nettoyage de haute qualit\u00e9 sont disponibles \u00e0 votre convenance. Nous nous adaptons \u00e0 votre emploi du temps pour vous offrir chaque fois un service sans faille et sans tracas.<\/p>\n<\/div><\/div>\n<\/div>\n<\/div>\n\n\n\n<div class=\"wp-block-columns unique-sec-wrap is-layout-flex wp-container-core-columns-is-layout-9d6595d7 wp-block-columns-is-layout-flex\">\n<div class=\"wp-block-column detail-apporach-box is-layout-flow wp-block-column-is-layout-flow\">\n<div class=\"wp-block-media-text is-stacked-on-mobile is-vertically-aligned-top\" style=\"grid-template-columns:25% auto\"><figure class=\"wp-block-media-text__media\"><img loading=\"lazy\" decoding=\"async\" width=\"150\" height=\"150\" src=\"https:\/\/entretiengfr.com\/wp-content\/uploads\/2024\/06\/Oriented-Approach-Icon.png\" alt=\"\" class=\"wp-image-306 size-full\"\/><\/figure><div class=\"wp-block-media-text__content\">\n<h4 class=\"wp-block-heading\">Approche ax\u00e9e sur les d\u00e9tails<\/h4>\n\n\n\n<p>Nous sommes fiers de notre approche orient\u00e9e vers les d\u00e9tails, qui aborde m\u00e9ticuleusement chaque aspect de nos services. Nous veillons \u00e0 ce que chaque d\u00e9tail soit pris en compte afin de fournir chaque fois des r\u00e9sultats impeccables et complets. Notre engagement \u00e0 r\u00e9aliser un travail avec pr\u00e9cision vous garantit que rien n\u2019est n\u00e9glig\u00e9, ce qui vous permet de b\u00e9n\u00e9ficier d\u2019un service de qualit\u00e9 sup\u00e9rieure, digne de confiance et qui se d\u00e9marque.<\/p>\n<\/div><\/div>\n<\/div>\n\n\n\n<div class=\"wp-block-column is-layout-flow wp-block-column-is-layout-flow\">\n<div class=\"wp-block-media-text is-stacked-on-mobile is-vertically-aligned-top\" style=\"grid-template-columns:25% auto\"><figure class=\"wp-block-media-text__media\"><img loading=\"lazy\" decoding=\"async\" width=\"150\" height=\"150\" src=\"https:\/\/entretiengfr.com\/wp-content\/uploads\/2024\/06\/Competitive-Prices-Icon.png\" alt=\"\" class=\"wp-image-307 size-full\"\/><\/figure><div class=\"wp-block-media-text__content\">\n<h4 class=\"wp-block-heading\">Prix concurrentiels<\/h4>\n\n\n\n<p>Nous nous engageons \u00e0 fournir des services de nettoyage de premi\u00e8re qualit\u00e9 \u00e0 des prix concurrentiels. Nous proposons des prix \u00e9quitables et transparents qui r\u00e9pondent \u00e0 votre budget. Notre objectif est d\u2019offrir une valeur exceptionnelle, en veillant \u00e0 ce que vous receviez le meilleur service possible sans faire de compromis sur la qualit\u00e9 ou le prix.<\/p>\n<\/div><\/div>\n<\/div>\n<\/div>\n\n\n\n<h2 class=\"wp-block-heading section-title\"><strong>\u00c0 qui s\u2019adressent nos services?<\/strong><\/h2>\n\n\n\n<div class=\"wp-block-media-text is-stacked-on-mobile mb-40 communities\" style=\"grid-template-columns:35% auto\"><figure class=\"wp-block-media-text__media\"><img loading=\"lazy\" decoding=\"async\" width=\"434\" height=\"300\" src=\"https:\/\/entretiengfr.com\/wp-content\/uploads\/2024\/06\/Residential.jpg\" alt=\"\" class=\"wp-image-291 size-full\" srcset=\"https:\/\/entretiengfr.com\/wp-content\/uploads\/2024\/06\/Residential.jpg 434w, https:\/\/entretiengfr.com\/wp-content\/uploads\/2024\/06\/Residential-300x207.jpg 300w\" sizes=\"auto, (max-width: 434px) 100vw, 434px\" \/><\/figure><div class=\"wp-block-media-text__content\">\n<h2 class=\"wp-block-heading\">R\u00e9sidentiel<\/h2>\n\n\n\n<p>Entretien GFR est sp\u00e9cialis\u00e9 dans l\u2019offre de services de nettoyage et d\u2019entretien hors pair, sp\u00e9cialement con\u00e7us pour les propri\u00e9taires. En mettant l\u2019accent sur le professionnalisme et la fiabilit\u00e9, notre \u00e9quipe d\u00e9vou\u00e9e vous garantit de prendre grand soin de votre r\u00e9sidence afin d\u2019en am\u00e9liorer l\u2019apparence. Qu\u2019il s\u2019agisse de proc\u00e9der \u00e0 un nettoyage complet des fen\u00eatres ou \u00e0 un lavage sous pression m\u00e9ticuleux, nous sommes fiers de rendre votre maison plus propre et plus confortable. Faites confiance \u00e0 Entretien GFR pour vous fournir des services fiables et de qualit\u00e9 qui d\u00e9passent vos attentes.<\/p>\n<\/div><\/div>\n\n\n\n<div class=\"wp-block-media-text has-media-on-the-right is-stacked-on-mobile mb-40 communities\" style=\"grid-template-columns:auto 35%\"><div class=\"wp-block-media-text__content\">\n<h2 class=\"wp-block-heading\">Commercial<\/h2>\n\n\n\n<p>Entretien GFR est sp\u00e9cialis\u00e9 dans l\u2019offre de services de nettoyage et d\u2019entretien hors pair adapt\u00e9s aux propri\u00e9t\u00e9s commerciales. En mettant l\u2019accent sur le professionnalisme et la fiabilit\u00e9, notre \u00e9quipe d\u00e9vou\u00e9e vous garantit de prendre grand soin de votre immeuble de bureaux, de votre espace commercial ou de toute autre propri\u00e9t\u00e9 commerciale. Nous proposons des solutions de nettoyage compl\u00e8tes, y compris le nettoyage des fen\u00eatres, le lavage sous pression et plus encore, con\u00e7ues pour rendre votre environnement professionnel plus propre et plus attrayant. Faites confiance \u00e0 Entretien GFR pour vous fournir des services fiables et de qualit\u00e9 qui d\u00e9passent vos attentes.<\/p>\n<\/div><figure class=\"wp-block-media-text__media\"><img loading=\"lazy\" decoding=\"async\" width=\"434\" height=\"300\" src=\"https:\/\/entretiengfr.com\/wp-content\/uploads\/2024\/06\/commercial.jpg\" alt=\"\" class=\"wp-image-297 size-full\" srcset=\"https:\/\/entretiengfr.com\/wp-content\/uploads\/2024\/06\/commercial.jpg 434w, https:\/\/entretiengfr.com\/wp-content\/uploads\/2024\/06\/commercial-300x207.jpg 300w\" sizes=\"auto, (max-width: 434px) 100vw, 434px\" \/><\/figure><\/div>\n","protected":false},"excerpt":{"rendered":"<p>Notre \u00e9quipe Bienvenue chez Entretien GFR, o\u00f9 nous mettons \u00e0 votre disposition plus de 8 ans d&rsquo;exp\u00e9rience dans la prestation de services de nettoyage et d&rsquo;entretien de premier ordre. Fond\u00e9s sur les principes de fiabilit\u00e9, d&rsquo;excellence et de satisfaction client, nous avons b\u00e2ti notre r\u00e9putation en offrant des r\u00e9sultats de haute qualit\u00e9 dans toute une [&hellip;]<\/p>\n","protected":false},"author":1,"featured_media":0,"parent":0,"menu_order":0,"comment_status":"closed","ping_status":"closed","template":"templates\/avantex-full-width.php","meta":{"_regular_price":[],"currency_symbol":[],"_monsterinsights_skip_tracking":false,"_monsterinsights_sitenote_active":false,"_monsterinsights_sitenote_note":"","_monsterinsights_sitenote_category":0,"footnotes":""},"class_list":["post-1516","page","type-page","status-publish","hentry"],"post_slider_layout_featured_media_urls":{"thumbnail":"","post_slider_layout_landscape_large":"","post_slider_layout_portrait_large":"","post_slider_layout_square_large":"","post_slider_layout_landscape":"","post_slider_layout_portrait":"","post_slider_layout_square":"","full":""},"_links":{"self":[{"href":"https:\/\/entretiengfr.com\/fr\/wp-json\/wp\/v2\/pages\/1516","targetHints":{"allow":["GET"]}}],"collection":[{"href":"https:\/\/entretiengfr.com\/fr\/wp-json\/wp\/v2\/pages"}],"about":[{"href":"https:\/\/entretiengfr.com\/fr\/wp-json\/wp\/v2\/types\/page"}],"author":[{"embeddable":true,"href":"https:\/\/entretiengfr.com\/fr\/wp-json\/wp\/v2\/users\/1"}],"replies":[{"embeddable":true,"href":"https:\/\/entretiengfr.com\/fr\/wp-json\/wp\/v2\/comments?post=1516"}],"version-history":[{"count":0,"href":"https:\/\/entretiengfr.com\/fr\/wp-json\/wp\/v2\/pages\/1516\/revisions"}],"wp:attachment":[{"href":"https:\/\/entretiengfr.com\/fr\/wp-json\/wp\/v2\/media?parent=1516"}],"curies":[{"name":"wp","href":"https:\/\/api.w.org\/{rel}","templated":true}]}}