{"id":1524,"date":"2024-04-30T09:02:16","date_gmt":"2024-04-30T09:02:16","guid":{"rendered":"https:\/\/entretiengfr.com\/services\/"},"modified":"2026-03-17T20:05:46","modified_gmt":"2026-03-17T20:05:46","slug":"services","status":"publish","type":"page","link":"https:\/\/entretiengfr.com\/fr\/services\/","title":{"rendered":"Nos services"},"content":{"rendered":"\n<p>Chez Entretien GFR, nous nous engageons \u00e0 fournir une gamme compl\u00e8te de services de nettoyage et d&rsquo;entretien de qualit\u00e9 sup\u00e9rieure pour r\u00e9pondre aux divers besoins de nos clients. Que vous ayez besoin de solutions r\u00e9sidentielles ou commerciales, notre \u00e9quipe qualifi\u00e9e s&rsquo;engage \u00e0 fournir des r\u00e9sultats exceptionnels en mettant l&rsquo;accent sur le professionnalisme, la fiabilit\u00e9 et la satisfaction du client. Explorez notre large gamme de services, chacun con\u00e7u pour am\u00e9liorer la propret\u00e9, la fonctionnalit\u00e9 et l&rsquo;attrait visuel de votre propri\u00e9t\u00e9. Avec une assurance responsabilit\u00e9 civile de 2,000,000, vous pouvez faire confiance \u00e0 Entretien GFR pour \u00eatre votre partenaire dans le maintien d&rsquo;un environnement vierge et accueillant.<\/p>\n\n\n\n<div class=\"wp-block-columns is-layout-flex wp-container-core-columns-is-layout-9d6595d7 wp-block-columns-is-layout-flex\">\n<div class=\"wp-block-column is-layout-flow wp-block-column-is-layout-flow\"><\/div>\n\n\n\n<div class=\"wp-block-column is-layout-flow wp-block-column-is-layout-flow\"><\/div>\n\n\n\n<div class=\"wp-block-column is-layout-flow wp-block-column-is-layout-flow\"><\/div>\n<\/div>\n\n\n\n<div class=\"wp-block-media-text is-stacked-on-mobile is-vertically-aligned-center services-sec\"><figure class=\"wp-block-media-text__media\"><img loading=\"lazy\" decoding=\"async\" width=\"800\" height=\"450\" src=\"https:\/\/entretiengfr.com\/wp-content\/uploads\/2024\/06\/Window-Cleaning.jpg\" alt=\"\" class=\"wp-image-252 size-full\" srcset=\"https:\/\/entretiengfr.com\/wp-content\/uploads\/2024\/06\/Window-Cleaning.jpg 800w, https:\/\/entretiengfr.com\/wp-content\/uploads\/2024\/06\/Window-Cleaning-300x169.jpg 300w, https:\/\/entretiengfr.com\/wp-content\/uploads\/2024\/06\/Window-Cleaning-768x432.jpg 768w\" sizes=\"auto, (max-width: 800px) 100vw, 800px\" \/><\/figure><div class=\"wp-block-media-text__content\">\n<div class=\"wp-block-group is-nowrap is-layout-flex wp-container-core-group-is-layout-ad2f72ca wp-block-group-is-layout-flex\"><div class=\"wp-block-image is-style-default\">\n<figure class=\"aligncenter size-full\"><img loading=\"lazy\" decoding=\"async\" width=\"80\" height=\"80\" src=\"https:\/\/entretiengfr.com\/wp-content\/uploads\/2024\/06\/Window-Cleaning-Logo.png\" alt=\"\" class=\"wp-image-268\"\/><\/figure>\n<\/div>\n\n\n<h2 class=\"wp-block-heading\" id=\"windowcleaning\">Nettoyage des fen\u00eatres<\/h2>\n<\/div>\n\n\n\n<p>Notre service professionnel de nettoyage de vitres garantit que vos fen\u00eatres sont d\u2019une propret\u00e9 \u00e9clatante et transparentes. Notre \u00e9quipe exp\u00e9riment\u00e9e utilise des \u00e9quipements de pointe et des solutions de nettoyage \u00e9cologiques pour \u00e9liminer la salet\u00e9, la crasse et les traces, laissant vos fen\u00eatres impeccables. Nous nettoyons les surfaces int\u00e9rieures et ext\u00e9rieures, y compris les cadres, les appuis et les moustiquaires, garantissant ainsi un service complet. Que ce soit pour des propri\u00e9t\u00e9s r\u00e9sidentielles ou commerciales, notre attention m\u00e9ticuleuse aux d\u00e9tails et notre engagement envers la qualit\u00e9 garantissent que vos fen\u00eatres rehausseront la beaut\u00e9 et la luminosit\u00e9 globales de votre espace. Faites confiance \u00e0 Entretien GFR pour une finition impeccable \u00e0 chaque fois.<\/p>\n<\/div><\/div>\n\n\n\n<div class=\"wp-block-media-text is-stacked-on-mobile is-vertically-aligned-center services-sec\"><figure class=\"wp-block-media-text__media\"><img loading=\"lazy\" decoding=\"async\" width=\"800\" height=\"450\" src=\"https:\/\/entretiengfr.com\/wp-content\/uploads\/2024\/06\/Pressure-Washing.jpg\" alt=\"\" class=\"wp-image-251 size-full\" srcset=\"https:\/\/entretiengfr.com\/wp-content\/uploads\/2024\/06\/Pressure-Washing.jpg 800w, https:\/\/entretiengfr.com\/wp-content\/uploads\/2024\/06\/Pressure-Washing-300x169.jpg 300w, https:\/\/entretiengfr.com\/wp-content\/uploads\/2024\/06\/Pressure-Washing-768x432.jpg 768w\" sizes=\"auto, (max-width: 800px) 100vw, 800px\" \/><\/figure><div class=\"wp-block-media-text__content\">\n<div class=\"wp-block-group is-nowrap is-layout-flex wp-container-core-group-is-layout-ad2f72ca wp-block-group-is-layout-flex\"><div class=\"wp-block-image\">\n<figure class=\"aligncenter size-full\"><img loading=\"lazy\" decoding=\"async\" width=\"80\" height=\"80\" src=\"https:\/\/entretiengfr.com\/wp-content\/uploads\/2024\/06\/Pressure-Washing-Logo.png\" alt=\"\" class=\"wp-image-269\"\/><\/figure>\n<\/div>\n\n\n<h2 class=\"wp-block-heading\" id=\"pressurewashing\">Lavage sous pression<\/h2>\n<\/div>\n\n\n\n<p>Nos services professionnels de lavage sous pression redonnent \u00e0 vos surfaces ext\u00e9rieures leur propret\u00e9 et leur apparence d\u2019origine. Notre \u00e9quipe qualifi\u00e9e utilise des \u00e9quipements puissants pour \u00e9liminer efficacement la salet\u00e9, la crasse, la moisissure et les taches sur les all\u00e9es, les patios, les trottoirs, les terrasses et les parties ext\u00e9rieures des b\u00e2timents. Nous adaptons nos techniques de lavage sous pression \u00e0 chaque surface, afin de garantir un nettoyage en profondeur sans causer de dommages. Que vous ayez besoin d\u2019un lavage sous pression pour une propri\u00e9t\u00e9 r\u00e9sidentielle ou commerciale, nous nous engageons \u00e0 revitaliser votre propri\u00e9t\u00e9 et \u00e0 en am\u00e9liorer l\u2019apparence. Faites confiance \u00e0 Entretien GFR pour des solutions de lavage sous pression fiables, efficaces et transformatrices.<\/p>\n<\/div><\/div>\n\n\n\n<div class=\"wp-block-media-text is-stacked-on-mobile services-sec\"><figure class=\"wp-block-media-text__media\"><img loading=\"lazy\" decoding=\"async\" width=\"800\" height=\"450\" src=\"https:\/\/entretiengfr.com\/wp-content\/uploads\/2024\/06\/Gutter-Cleaning.jpg\" alt=\"\" class=\"wp-image-253 size-full\" srcset=\"https:\/\/entretiengfr.com\/wp-content\/uploads\/2024\/06\/Gutter-Cleaning.jpg 800w, https:\/\/entretiengfr.com\/wp-content\/uploads\/2024\/06\/Gutter-Cleaning-300x169.jpg 300w, https:\/\/entretiengfr.com\/wp-content\/uploads\/2024\/06\/Gutter-Cleaning-768x432.jpg 768w\" sizes=\"auto, (max-width: 800px) 100vw, 800px\" \/><\/figure><div class=\"wp-block-media-text__content\">\n<div class=\"wp-block-group is-nowrap is-layout-flex wp-container-core-group-is-layout-ad2f72ca wp-block-group-is-layout-flex\"><div class=\"wp-block-image\">\n<figure class=\"aligncenter size-full\"><img loading=\"lazy\" decoding=\"async\" width=\"80\" height=\"80\" src=\"https:\/\/entretiengfr.com\/wp-content\/uploads\/2024\/06\/Gutter-Cleaning-Logo.png\" alt=\"\" class=\"wp-image-270\"\/><\/figure>\n<\/div>\n\n\n<h2 class=\"wp-block-heading\" id=\"guttercleaning\">Nettoyage de goutti\u00e8res<\/h2>\n<\/div>\n\n\n\n<p>Entretien GFR propose des services d\u2019experts en nettoyage de goutti\u00e8res et installation de pare-feuilles pour assurer le fonctionnement optimal de vos goutti\u00e8res ainsi que prot\u00e9ger votre propri\u00e9t\u00e9 contre les d\u00e9g\u00e2ts des eaux. Notre nettoyage en profondeur des goutti\u00e8res permet d\u2019\u00e9liminer les feuilles, les d\u00e9bris et les accumulations susceptibles de former des bouchons et provoquer des d\u00e9bordements. Pour \u00e9viter d\u2019\u00e9ventuels engorgements et simplifier l\u2019entretien, nous proposons l\u2019installation professionnelle de pare-feuilles. Ceux-ci sont faits de mat\u00e9riaux de haute qualit\u00e9 qui permettent \u00e0 l\u2019eau de s\u2019\u00e9couler librement tout en emp\u00eachant les d\u00e9bris de p\u00e9n\u00e9trer. Que ce soit pour des propri\u00e9t\u00e9s r\u00e9sidentielles ou commerciales, nos services fiables et efficaces aident \u00e0 maintenir l\u2019int\u00e9grit\u00e9 de vos goutti\u00e8res et la s\u00e9curit\u00e9 de votre maison ou de votre entreprise. Faites confiance \u00e0 Entretien GFR pour des solutions compl\u00e8tes d\u2019entretien des goutti\u00e8res.<\/p>\n<\/div><\/div>\n\n\n\n<p><\/p>\n\n\n\n<div class=\"wp-block-columns section-title is-layout-flex wp-container-core-columns-is-layout-9d6595d7 wp-block-columns-is-layout-flex\">\n<div class=\"wp-block-column is-vertically-aligned-center is-layout-flow wp-block-column-is-layout-flow\">\n<h2 class=\"wp-block-heading big-text\">Obtenez votre devis gratuit d\u00e8s aujourd\u2019hui pour des r\u00e9sultats brillants!<\/h2>\n<\/div>\n\n\n\n<div class=\"wp-block-column is-vertically-aligned-center is-layout-flow wp-block-column-is-layout-flow\">\n<div class=\"wpcf7 no-js\" id=\"wpcf7-f1502-o1\" lang=\"fr-FR\" dir=\"ltr\" data-wpcf7-id=\"1502\">\n<div class=\"screen-reader-response\"><p role=\"status\" aria-live=\"polite\" aria-atomic=\"true\"><\/p> <ul><\/ul><\/div>\n<form action=\"\/fr\/wp-json\/wp\/v2\/pages\/1524#wpcf7-f1502-o1\" method=\"post\" class=\"wpcf7-form init\" aria-label=\"Formulaire de contact\" enctype=\"multipart\/form-data\" novalidate=\"novalidate\" data-status=\"init\">\n<fieldset class=\"hidden-fields-container\"><input type=\"hidden\" name=\"_wpcf7\" value=\"1502\" \/><input type=\"hidden\" name=\"_wpcf7_version\" value=\"6.1.5\" \/><input type=\"hidden\" name=\"_wpcf7_locale\" value=\"fr_FR\" \/><input type=\"hidden\" name=\"_wpcf7_unit_tag\" value=\"wpcf7-f1502-o1\" \/><input type=\"hidden\" name=\"_wpcf7_container_post\" value=\"0\" \/><input type=\"hidden\" name=\"_wpcf7_posted_data_hash\" value=\"\" \/>\n<\/fieldset>\n<p><span style=\"display: block; font-size: 18px; margin-top: 0px;\">Contactez-nous d\u00e8s aujourd'hui ! Nous sommes pr\u00eats \u00e0 vous aider et nous vous ferons parvenir un devis dans les 24 heures.<\/span>\n<\/p>\n<div class=\"name-wrap\">\n\t<p><span class=\"wpcf7-form-control-wrap\" data-name=\"your-first-name\"><input size=\"40\" maxlength=\"400\" class=\"wpcf7-form-control wpcf7-text wpcf7-validates-as-required\" aria-required=\"true\" aria-invalid=\"false\" placeholder=\"Pr\u00e9nom...*\" value=\"\" type=\"text\" name=\"your-first-name\" \/><\/span><span class=\"wpcf7-form-control-wrap\" data-name=\"your-last-name\"><input size=\"40\" maxlength=\"400\" class=\"wpcf7-form-control wpcf7-text wpcf7-validates-as-required\" aria-required=\"true\" aria-invalid=\"false\" placeholder=\"Nom de famille...*\" value=\"\" type=\"text\" name=\"your-last-name\" \/><\/span>\n\t<\/p>\n<\/div>\n<p><span class=\"wpcf7-form-control-wrap\" data-name=\"your-phone\"><input size=\"40\" maxlength=\"400\" class=\"wpcf7-form-control wpcf7-tel wpcf7-validates-as-required wpcf7-text wpcf7-validates-as-tel\" aria-required=\"true\" aria-invalid=\"false\" placeholder=\"T\u00e9l\u00e9phone...*\" value=\"\" type=\"tel\" name=\"your-phone\" \/><\/span><br \/>\n<span class=\"wpcf7-form-control-wrap\" data-name=\"your-email\"><input size=\"40\" maxlength=\"400\" class=\"wpcf7-form-control wpcf7-email wpcf7-text wpcf7-validates-as-email\" aria-invalid=\"false\" placeholder=\"E-mail...\" value=\"\" type=\"email\" name=\"your-email\" \/><\/span><br \/>\n<span class=\"wpcf7-form-control-wrap\" data-name=\"Prestations\"><select class=\"wpcf7-form-control wpcf7-select wpcf7-validates-as-required\" aria-required=\"true\" aria-invalid=\"false\" name=\"Prestations\"><option value=\"\">Prestations de service...*<\/option><option value=\"Nettoyage des fen\u00eatres\">Nettoyage des fen\u00eatres<\/option><option value=\"Lavage sous pression\">Lavage sous pression<\/option><option value=\"Nettoyage de goutti\u00e8res\">Nettoyage de goutti\u00e8res<\/option><\/select><\/span><br \/>\n<span class=\"wpcf7-form-control-wrap\" data-name=\"your-desc\"><textarea cols=\"40\" rows=\"6\" maxlength=\"2000\" class=\"wpcf7-form-control wpcf7-textarea wpcf7-validates-as-required\" aria-required=\"true\" aria-invalid=\"false\" placeholder=\"La description...\" name=\"your-desc\"><\/textarea><\/span><br \/>\n<label>Address<\/label><span class=\"wpcf7-form-control-wrap\" data-name=\"text-763\"><input size=\"40\" maxlength=\"400\" class=\"wpcf7-form-control wpcf7-text wpcf7-validates-as-required\" aria-required=\"true\" aria-invalid=\"false\" placeholder=\"Adresse\" value=\"\" type=\"text\" name=\"text-763\" \/><\/span><br \/>\n<span class=\"wpcf7-form-control-wrap\" data-name=\"text-764\"><input size=\"40\" maxlength=\"400\" class=\"wpcf7-form-control wpcf7-text wpcf7-validates-as-required\" aria-required=\"true\" aria-invalid=\"false\" placeholder=\"Ville\" value=\"\" type=\"text\" name=\"text-764\" \/><\/span><br \/>\n<span class=\"wpcf7-form-control-wrap\" data-name=\"text-765\"><input size=\"40\" maxlength=\"400\" class=\"wpcf7-form-control wpcf7-text wpcf7-validates-as-required\" aria-required=\"true\" aria-invalid=\"false\" placeholder=\"Code postal\" value=\"\" type=\"text\" name=\"text-765\" \/><\/span><br \/>\n<label>T\u00c9L\u00c9CHARGER DES PHOTOS<br \/>\n<span class=\"wpcf7-form-control-wrap\" data-name=\"UploadPhotos\"><input size=\"40\" class=\"wpcf7-form-control wpcf7-file\" accept=\".jpg,.jpeg,.png,.pdf\" aria-invalid=\"false\" type=\"file\" name=\"UploadPhotos\" \/><\/span><br \/>\n<span style=\"display: block; font-size: 14px; margin-top: -10px;\">Types de fichiers accept\u00e9s : JPG, JPEG, PNG, PDF | Taille maximale : 2 Mo<\/span><br \/>\n<\/label><br \/>\n<input class=\"wpcf7-form-control wpcf7-submit has-spinner\" type=\"submit\" value=\"Obtenir Mon Devis\" \/>\n<\/p><div class=\"wpcf7-response-output\" aria-hidden=\"true\"><\/div>\n<\/form>\n<\/div>\n\n<\/div>\n<\/div>\n","protected":false},"excerpt":{"rendered":"<p>Chez Entretien GFR, nous nous engageons \u00e0 fournir une gamme compl\u00e8te de services de nettoyage et d&rsquo;entretien de qualit\u00e9 sup\u00e9rieure pour r\u00e9pondre aux divers besoins de nos clients. Que vous ayez besoin de solutions r\u00e9sidentielles ou commerciales, notre \u00e9quipe qualifi\u00e9e s&rsquo;engage \u00e0 fournir des r\u00e9sultats exceptionnels en mettant l&rsquo;accent sur le professionnalisme, la fiabilit\u00e9 et [&hellip;]<\/p>\n","protected":false},"author":1,"featured_media":0,"parent":0,"menu_order":0,"comment_status":"closed","ping_status":"closed","template":"templates\/avantex-full-width.php","meta":{"_regular_price":[],"currency_symbol":[],"_monsterinsights_skip_tracking":false,"_monsterinsights_sitenote_active":false,"_monsterinsights_sitenote_note":"","_monsterinsights_sitenote_category":0,"footnotes":""},"class_list":["post-1524","page","type-page","status-publish","hentry"],"post_slider_layout_featured_media_urls":{"thumbnail":"","post_slider_layout_landscape_large":"","post_slider_layout_portrait_large":"","post_slider_layout_square_large":"","post_slider_layout_landscape":"","post_slider_layout_portrait":"","post_slider_layout_square":"","full":""},"_links":{"self":[{"href":"https:\/\/entretiengfr.com\/fr\/wp-json\/wp\/v2\/pages\/1524","targetHints":{"allow":["GET"]}}],"collection":[{"href":"https:\/\/entretiengfr.com\/fr\/wp-json\/wp\/v2\/pages"}],"about":[{"href":"https:\/\/entretiengfr.com\/fr\/wp-json\/wp\/v2\/types\/page"}],"author":[{"embeddable":true,"href":"https:\/\/entretiengfr.com\/fr\/wp-json\/wp\/v2\/users\/1"}],"replies":[{"embeddable":true,"href":"https:\/\/entretiengfr.com\/fr\/wp-json\/wp\/v2\/comments?post=1524"}],"version-history":[{"count":0,"href":"https:\/\/entretiengfr.com\/fr\/wp-json\/wp\/v2\/pages\/1524\/revisions"}],"wp:attachment":[{"href":"https:\/\/entretiengfr.com\/fr\/wp-json\/wp\/v2\/media?parent=1524"}],"curies":[{"name":"wp","href":"https:\/\/api.w.org\/{rel}","templated":true}]}}